{"id":5,"date":"2018-04-20T08:35:16","date_gmt":"2018-04-20T08:35:16","guid":{"rendered":"https:\/\/castilha.fr\/?page_id=5"},"modified":"2026-02-10T08:50:54","modified_gmt":"2026-02-10T08:50:54","slug":"home","status":"publish","type":"page","link":"https:\/\/castilha.fr\/en\/","title":{"rendered":"Who are we ?"},"content":{"rendered":"<div class=\"wp-block-media-text is-stacked-on-mobile\" style=\"grid-template-columns:53% auto\"><figure class=\"wp-block-media-text__media\"><img data-recalc-dims=\"1\" loading=\"lazy\" decoding=\"async\" width=\"674\" height=\"419\" data-attachment-id=\"217\" data-permalink=\"https:\/\/castilha.fr\/en\/facade-3\/\" data-orig-file=\"https:\/\/i0.wp.com\/castilha.fr\/wp-content\/uploads\/2020\/07\/facade-3.jpg?fit=3173%2C1971&amp;ssl=1\" data-orig-size=\"3173,1971\" data-comments-opened=\"1\" data-image-meta=\"{&quot;aperture&quot;:&quot;1.8&quot;,&quot;credit&quot;:&quot;&quot;,&quot;camera&quot;:&quot;iPhone XR&quot;,&quot;caption&quot;:&quot;&quot;,&quot;created_timestamp&quot;:&quot;1595074108&quot;,&quot;copyright&quot;:&quot;&quot;,&quot;focal_length&quot;:&quot;4.25&quot;,&quot;iso&quot;:&quot;25&quot;,&quot;shutter_speed&quot;:&quot;0.0010288065843621&quot;,&quot;title&quot;:&quot;&quot;,&quot;orientation&quot;:&quot;1&quot;,&quot;latitude&quot;:&quot;44.400066666667&quot;,&quot;longitude&quot;:&quot;-1.1684638888889&quot;}\" data-image-title=\"facade-3\" data-image-description=\"\" data-image-caption=\"\" data-medium-file=\"https:\/\/i0.wp.com\/castilha.fr\/wp-content\/uploads\/2020\/07\/facade-3.jpg?fit=300%2C186&amp;ssl=1\" data-large-file=\"https:\/\/i0.wp.com\/castilha.fr\/wp-content\/uploads\/2020\/07\/facade-3.jpg?fit=674%2C419&amp;ssl=1\" src=\"https:\/\/i0.wp.com\/castilha.fr\/wp-content\/uploads\/2020\/07\/facade-3.jpg?resize=674%2C419&#038;ssl=1\" alt=\"\" class=\"wp-image-217 size-full\"\/><\/figure><div class=\"wp-block-media-text__content\">\n<p class=\"has-text-align-center wp-block-paragraph\">Welcome to <strong>Domaine La Castilha<\/strong>!<\/p>\n\n\n\n<p class=\"has-text-align-center wp-block-paragraph\">OUVERT TOUTE L&rsquo;ANN\u00c9E DU 1er JANVIER AU 31 D\u00c9CEMBRE<\/p>\n\n\n\n<p class=\"has-text-align-center wp-block-paragraph\">Located in <strong>Biscarrosse <\/strong>in the heart of the Landes, near the beaches of the lakes and the ocean, the Domaine La Castilha will welcome you for relaxing vacations.<\/p>\n<\/div><\/div>\n\n\n\n<div class=\"wp-block-media-text alignwide has-media-on-the-right is-stacked-on-mobile\" style=\"grid-template-columns:auto 53%\"><div class=\"wp-block-media-text__content\">\n<p class=\"has-text-align-center wp-block-paragraph\">Come and relax in the swimming pool (13m). It is heated in season (from June to September) and deckchairs and parasols are available.<\/p>\n<\/div><figure class=\"wp-block-media-text__media\"><img data-recalc-dims=\"1\" loading=\"lazy\" decoding=\"async\" width=\"674\" height=\"450\" data-attachment-id=\"743\" data-permalink=\"https:\/\/castilha.fr\/en\/nos-logements\/piscine\/\" data-orig-file=\"https:\/\/i0.wp.com\/castilha.fr\/wp-content\/uploads\/2022\/03\/Piscine.jpg?fit=6000%2C4000&amp;ssl=1\" data-orig-size=\"6000,4000\" data-comments-opened=\"1\" data-image-meta=\"{&quot;aperture&quot;:&quot;10&quot;,&quot;credit&quot;:&quot;&quot;,&quot;camera&quot;:&quot;Canon EOS M50&quot;,&quot;caption&quot;:&quot;&quot;,&quot;created_timestamp&quot;:&quot;1593971231&quot;,&quot;copyright&quot;:&quot;&quot;,&quot;focal_length&quot;:&quot;16&quot;,&quot;iso&quot;:&quot;100&quot;,&quot;shutter_speed&quot;:&quot;0.004&quot;,&quot;title&quot;:&quot;&quot;,&quot;orientation&quot;:&quot;1&quot;}\" data-image-title=\"Piscine\" data-image-description=\"\" data-image-caption=\"\" data-medium-file=\"https:\/\/i0.wp.com\/castilha.fr\/wp-content\/uploads\/2022\/03\/Piscine.jpg?fit=300%2C200&amp;ssl=1\" data-large-file=\"https:\/\/i0.wp.com\/castilha.fr\/wp-content\/uploads\/2022\/03\/Piscine.jpg?fit=674%2C450&amp;ssl=1\" src=\"https:\/\/i0.wp.com\/castilha.fr\/wp-content\/uploads\/2022\/03\/Piscine.jpg?resize=674%2C450&#038;ssl=1\" alt=\"\" class=\"wp-image-743 size-full\" srcset=\"https:\/\/i0.wp.com\/castilha.fr\/wp-content\/uploads\/2022\/03\/Piscine.jpg?resize=1024%2C683&amp;ssl=1 1024w, https:\/\/i0.wp.com\/castilha.fr\/wp-content\/uploads\/2022\/03\/Piscine.jpg?resize=300%2C200&amp;ssl=1 300w, https:\/\/i0.wp.com\/castilha.fr\/wp-content\/uploads\/2022\/03\/Piscine.jpg?resize=768%2C512&amp;ssl=1 768w, https:\/\/i0.wp.com\/castilha.fr\/wp-content\/uploads\/2022\/03\/Piscine.jpg?resize=1536%2C1024&amp;ssl=1 1536w, https:\/\/i0.wp.com\/castilha.fr\/wp-content\/uploads\/2022\/03\/Piscine.jpg?resize=2048%2C1365&amp;ssl=1 2048w, https:\/\/i0.wp.com\/castilha.fr\/wp-content\/uploads\/2022\/03\/Piscine.jpg?resize=1200%2C800&amp;ssl=1 1200w, https:\/\/i0.wp.com\/castilha.fr\/wp-content\/uploads\/2022\/03\/Piscine.jpg?resize=640%2C427&amp;ssl=1 640w, https:\/\/i0.wp.com\/castilha.fr\/wp-content\/uploads\/2022\/03\/Piscine.jpg?w=1348&amp;ssl=1 1348w\" sizes=\"auto, (max-width: 674px) 100vw, 674px\" \/><\/figure><\/div>\n\n\n\n<h3 class=\"wp-block-heading has-text-align-center\" id=\"emplacement\">Location<\/h3>\n\n\n\n<p class=\"wp-block-paragraph\">The residence is <strong>quiet <\/strong>and ideally located in the <strong>center of Biscarrosse Bourg<\/strong>. At less than <strong>400m<\/strong>, you will find <strong>restaurants, shops<\/strong> (bakery, greengrocer, butcher, pharmacy, beauty salon ...) and a <strong>cinema <\/strong>at 700m.<\/p>\n\n\n\n<div class=\"wp-block-jetpack-tiled-gallery aligncenter is-style-rectangular\"><div class=\"\"><div class=\"tiled-gallery__gallery\"><div class=\"tiled-gallery__row\"><div class=\"tiled-gallery__col\" style=\"flex-basis:50.63656%\"><figure class=\"tiled-gallery__item\"><img decoding=\"async\" data-attachment-id=\"557\" data-permalink=\"https:\/\/castilha.fr\/en\/carte-region-v2\/\" data-orig-file=\"https:\/\/i0.wp.com\/castilha.fr\/wp-content\/uploads\/2022\/01\/carte-region-v2.jpg?fit=471%2C785&amp;ssl=1\" data-orig-size=\"471,785\" data-comments-opened=\"1\" data-image-meta=\"{&quot;aperture&quot;:&quot;0&quot;,&quot;credit&quot;:&quot;&quot;,&quot;camera&quot;:&quot;&quot;,&quot;caption&quot;:&quot;&quot;,&quot;created_timestamp&quot;:&quot;1641916056&quot;,&quot;copyright&quot;:&quot;&quot;,&quot;focal_length&quot;:&quot;0&quot;,&quot;iso&quot;:&quot;0&quot;,&quot;shutter_speed&quot;:&quot;0&quot;,&quot;title&quot;:&quot;&quot;,&quot;orientation&quot;:&quot;1&quot;}\" data-image-title=\"carte-region-v2\" data-image-description=\"\" data-image-caption=\"\" data-medium-file=\"https:\/\/i0.wp.com\/castilha.fr\/wp-content\/uploads\/2022\/01\/carte-region-v2.jpg?fit=180%2C300&amp;ssl=1\" data-large-file=\"https:\/\/i0.wp.com\/castilha.fr\/wp-content\/uploads\/2022\/01\/carte-region-v2.jpg?fit=471%2C785&amp;ssl=1\" role=\"button\" tabindex=\"0\" aria-label=\"Open image 1 of 2 in full-screen\" srcset=\"https:\/\/i0.wp.com\/castilha.fr\/wp-content\/uploads\/2022\/01\/carte-region-v2.jpg?strip=info&#038;w=471&#038;ssl=1 471w\" alt=\"\" data-height=\"785\" data-id=\"557\" data-link=\"https:\/\/castilha.fr\/carte-region-v2\/\" data-url=\"https:\/\/castilha.fr\/wp-content\/uploads\/2022\/01\/carte-region-v2.jpg?w=471\" data-width=\"471\" src=\"https:\/\/i0.wp.com\/castilha.fr\/wp-content\/uploads\/2022\/01\/carte-region-v2.jpg?ssl=1\" data-amp-layout=\"responsive\"\/><\/figure><\/div><div class=\"tiled-gallery__col\" style=\"flex-basis:49.36344%\"><figure class=\"tiled-gallery__item\"><img decoding=\"async\" data-attachment-id=\"550\" data-permalink=\"https:\/\/castilha.fr\/en\/biscarrose-centre-la-castilha\/\" data-orig-file=\"https:\/\/i0.wp.com\/castilha.fr\/wp-content\/uploads\/2022\/01\/biscarrose-centre-la-castilha.jpg?fit=751%2C1284&amp;ssl=1\" data-orig-size=\"751,1284\" data-comments-opened=\"1\" data-image-meta=\"{&quot;aperture&quot;:&quot;0&quot;,&quot;credit&quot;:&quot;&quot;,&quot;camera&quot;:&quot;&quot;,&quot;caption&quot;:&quot;&quot;,&quot;created_timestamp&quot;:&quot;0&quot;,&quot;copyright&quot;:&quot;&quot;,&quot;focal_length&quot;:&quot;0&quot;,&quot;iso&quot;:&quot;0&quot;,&quot;shutter_speed&quot;:&quot;0&quot;,&quot;title&quot;:&quot;&quot;,&quot;orientation&quot;:&quot;1&quot;}\" data-image-title=\"biscarrose-centre-la-castilha\" data-image-description=\"\" data-image-caption=\"\" data-medium-file=\"https:\/\/i0.wp.com\/castilha.fr\/wp-content\/uploads\/2022\/01\/biscarrose-centre-la-castilha.jpg?fit=175%2C300&amp;ssl=1\" data-large-file=\"https:\/\/i0.wp.com\/castilha.fr\/wp-content\/uploads\/2022\/01\/biscarrose-centre-la-castilha.jpg?fit=599%2C1024&amp;ssl=1\" role=\"button\" tabindex=\"0\" aria-label=\"Open image 2 of 2 in full-screen\" srcset=\"https:\/\/i0.wp.com\/castilha.fr\/wp-content\/uploads\/2022\/01\/biscarrose-centre-la-castilha.jpg?strip=info&#038;w=600&#038;ssl=1 600w,https:\/\/i0.wp.com\/castilha.fr\/wp-content\/uploads\/2022\/01\/biscarrose-centre-la-castilha.jpg?strip=info&#038;w=751&#038;ssl=1 751w\" alt=\"\" data-height=\"1284\" data-id=\"550\" data-link=\"https:\/\/castilha.fr\/biscarrose-centre-la-castilha\/\" data-url=\"https:\/\/castilha.fr\/wp-content\/uploads\/2022\/01\/biscarrose-centre-la-castilha.jpg?w=599\" data-width=\"751\" src=\"https:\/\/i0.wp.com\/castilha.fr\/wp-content\/uploads\/2022\/01\/biscarrose-centre-la-castilha.jpg?ssl=1\" data-amp-layout=\"responsive\"\/><\/figure><\/div><\/div><\/div><\/div><\/div>\n\n\n\n<p class=\"wp-block-paragraph\">The <strong>cycle path<\/strong> that leads to the lakes and that borders the canal is <strong>300m away.<\/strong><br>The<strong>Oc\u00e9an<\/strong> is minutes away by car. The <strong>Dune du Pyla<\/strong> is 25 minutes away and the <strong>bassin d'Arcachon<\/strong> 35 minutes.<br>The<strong>Bordeaux<\/strong> airport is at 55 minutes and the visits to <strong>the Bordeaux wine cellars<\/strong> are 1 hour away.<br>Perfect for <strong>visiting the region<\/strong> or as a<strong> cozy pied a terre<\/strong> for a visiting worker.<\/p>\n\n\n<div class=\"wp-block-image\">\n<figure class=\"aligncenter\"><img data-recalc-dims=\"1\" loading=\"lazy\" decoding=\"async\" width=\"674\" height=\"225\" data-attachment-id=\"464\" data-permalink=\"https:\/\/castilha.fr\/en\/cropped-img_0736\/\" data-orig-file=\"https:\/\/i0.wp.com\/castilha.fr\/wp-content\/uploads\/2022\/01\/cropped-img_0736.jpg?fit=1800%2C600&amp;ssl=1\" data-orig-size=\"1800,600\" data-comments-opened=\"1\" data-image-meta=\"{&quot;aperture&quot;:&quot;0&quot;,&quot;credit&quot;:&quot;&quot;,&quot;camera&quot;:&quot;&quot;,&quot;caption&quot;:&quot;&quot;,&quot;created_timestamp&quot;:&quot;0&quot;,&quot;copyright&quot;:&quot;&quot;,&quot;focal_length&quot;:&quot;0&quot;,&quot;iso&quot;:&quot;0&quot;,&quot;shutter_speed&quot;:&quot;0&quot;,&quot;title&quot;:&quot;&quot;,&quot;orientation&quot;:&quot;0&quot;}\" data-image-title=\"cropped-img_0736\" data-image-description=\"\" data-image-caption=\"\" data-medium-file=\"https:\/\/i0.wp.com\/castilha.fr\/wp-content\/uploads\/2022\/01\/cropped-img_0736.jpg?fit=300%2C100&amp;ssl=1\" data-large-file=\"https:\/\/i0.wp.com\/castilha.fr\/wp-content\/uploads\/2022\/01\/cropped-img_0736.jpg?fit=674%2C225&amp;ssl=1\" src=\"https:\/\/i0.wp.com\/castilha.fr\/wp-content\/uploads\/2022\/01\/cropped-img_0736.jpg?resize=674%2C225&#038;ssl=1\" alt=\"\" class=\"wp-image-464\"\/><\/figure>\n<\/div>\n\n\n<h3 class=\"wp-block-heading has-text-align-center\">The residence<\/h3>\n\n\n<div class=\"wp-block-image\">\n<figure class=\"aligncenter size-full\"><img data-recalc-dims=\"1\" loading=\"lazy\" decoding=\"async\" width=\"674\" height=\"616\" data-attachment-id=\"822\" data-permalink=\"https:\/\/castilha.fr\/en\/home\/plan-de-masse-domaine-le-banc-darguin-1\/\" data-orig-file=\"https:\/\/i0.wp.com\/castilha.fr\/wp-content\/uploads\/2022\/03\/Plan-de-masse-Domaine-Le-Banc-dArguin-1.jpg?fit=762%2C696&amp;ssl=1\" data-orig-size=\"762,696\" data-comments-opened=\"1\" data-image-meta=\"{&quot;aperture&quot;:&quot;0&quot;,&quot;credit&quot;:&quot;Christelle Delmas&quot;,&quot;camera&quot;:&quot;&quot;,&quot;caption&quot;:&quot;&quot;,&quot;created_timestamp&quot;:&quot;1648286900&quot;,&quot;copyright&quot;:&quot;&quot;,&quot;focal_length&quot;:&quot;0&quot;,&quot;iso&quot;:&quot;0&quot;,&quot;shutter_speed&quot;:&quot;0&quot;,&quot;title&quot;:&quot;&quot;,&quot;orientation&quot;:&quot;1&quot;}\" data-image-title=\"Plan-de-masse-Domaine-Le-Banc-dArguin-1\" data-image-description=\"\" data-image-caption=\"\" data-medium-file=\"https:\/\/i0.wp.com\/castilha.fr\/wp-content\/uploads\/2022\/03\/Plan-de-masse-Domaine-Le-Banc-dArguin-1.jpg?fit=300%2C274&amp;ssl=1\" data-large-file=\"https:\/\/i0.wp.com\/castilha.fr\/wp-content\/uploads\/2022\/03\/Plan-de-masse-Domaine-Le-Banc-dArguin-1.jpg?fit=674%2C616&amp;ssl=1\" src=\"https:\/\/i0.wp.com\/castilha.fr\/wp-content\/uploads\/2022\/03\/Plan-de-masse-Domaine-Le-Banc-dArguin-1.jpg?resize=674%2C616&#038;ssl=1\" alt=\"\" class=\"wp-image-822\" srcset=\"https:\/\/i0.wp.com\/castilha.fr\/wp-content\/uploads\/2022\/03\/Plan-de-masse-Domaine-Le-Banc-dArguin-1.jpg?w=762&amp;ssl=1 762w, https:\/\/i0.wp.com\/castilha.fr\/wp-content\/uploads\/2022\/03\/Plan-de-masse-Domaine-Le-Banc-dArguin-1.jpg?resize=300%2C274&amp;ssl=1 300w, https:\/\/i0.wp.com\/castilha.fr\/wp-content\/uploads\/2022\/03\/Plan-de-masse-Domaine-Le-Banc-dArguin-1.jpg?resize=640%2C585&amp;ssl=1 640w\" sizes=\"auto, (max-width: 674px) 100vw, 674px\" \/><\/figure>\n<\/div>\n\n\n<h3 class=\"wp-block-heading has-text-align-center\" id=\"services\">Services <\/h3>\n\n\n<div class=\"wp-block-image\">\n<figure class=\"aligncenter size-large\"><img data-recalc-dims=\"1\" loading=\"lazy\" decoding=\"async\" width=\"674\" height=\"381\" data-attachment-id=\"596\" data-permalink=\"https:\/\/castilha.fr\/en\/logos-services-gratuits\/\" data-orig-file=\"https:\/\/i0.wp.com\/castilha.fr\/wp-content\/uploads\/2022\/01\/logos-services-gratuits.jpg?fit=1222%2C690&amp;ssl=1\" data-orig-size=\"1222,690\" data-comments-opened=\"1\" data-image-meta=\"{&quot;aperture&quot;:&quot;0&quot;,&quot;credit&quot;:&quot;Christelle Delmas&quot;,&quot;camera&quot;:&quot;&quot;,&quot;caption&quot;:&quot;&quot;,&quot;created_timestamp&quot;:&quot;1641928420&quot;,&quot;copyright&quot;:&quot;&quot;,&quot;focal_length&quot;:&quot;0&quot;,&quot;iso&quot;:&quot;0&quot;,&quot;shutter_speed&quot;:&quot;0&quot;,&quot;title&quot;:&quot;&quot;,&quot;orientation&quot;:&quot;0&quot;}\" data-image-title=\"logos-services-gratuits\" data-image-description=\"\" data-image-caption=\"\" data-medium-file=\"https:\/\/i0.wp.com\/castilha.fr\/wp-content\/uploads\/2022\/01\/logos-services-gratuits.jpg?fit=300%2C169&amp;ssl=1\" data-large-file=\"https:\/\/i0.wp.com\/castilha.fr\/wp-content\/uploads\/2022\/01\/logos-services-gratuits.jpg?fit=674%2C381&amp;ssl=1\" src=\"https:\/\/i0.wp.com\/castilha.fr\/wp-content\/uploads\/2022\/01\/logos-services-gratuits.jpg?resize=674%2C381&#038;ssl=1\" alt=\"\" class=\"wp-image-596\"\/><\/figure>\n<\/div>\n\n\n<h3 class=\"wp-block-heading has-text-align-center\" id=\"contacts\">Contacts<\/h3>\n\n\n\n<p class=\"has-text-align-center wp-block-paragraph\"><strong>Domaine La Castilha<\/strong><br>179, all\u00e9e du Petit Lac \u2013 40600 BISCARROSSE<br><span style=\"text-decoration:underline;\">Phone:<\/span> 06.16.90.04.28<br><span style=\"text-decoration:underline;\">E-mail:<\/span> lacastilha@gmail.com<\/p>","protected":false},"excerpt":{"rendered":"<p>Bienvenue au Domaine La Castilha! OUVERT TOUTE L&rsquo;ANN\u00c9E DU 1er JANVIER AU 31 D\u00c9CEMBRE Situ\u00e9 \u00e0 Biscarrosse au c\u0153ur des Landes, proches des plages des lacs et de l&rsquo;oc\u00e9an, le Domaine La Castilha vous accueillera pour des vacances d\u00e9tentes. Venez vous d\u00e9lasser dans sa piscine (13m) qui dispose d\u2019une plage d\u2019une profondeur d\u2019environ 30cm, id\u00e9ale pour les enfants ou la relaxation des plus grands. &hellip; <a href=\"https:\/\/castilha.fr\/en\/\" class=\"read-more\">Read More <span class=\"screen-reader-text\">Who are we ?<\/span><\/a><\/p>","protected":false},"author":138017905,"featured_media":78,"parent":0,"menu_order":1,"comment_status":"closed","ping_status":"closed","template":"","meta":{"_coblocks_attr":"","_coblocks_dimensions":"","_coblocks_responsive_height":"","_coblocks_accordion_ie_support":"","_crdt_document":"","advanced_seo_description":"","jetpack_seo_html_title":"","jetpack_seo_noindex":false,"jetpack_post_was_ever_published":false,"footnotes":""},"class_list":["post-5","page","type-page","status-publish","has-post-thumbnail","hentry"],"jetpack_likes_enabled":null,"jetpack_sharing_enabled":false,"jetpack_shortlink":"https:\/\/wp.me\/P9QBC9-5","amp_enabled":false,"_links":{"self":[{"href":"https:\/\/castilha.fr\/en\/wp-json\/wp\/v2\/pages\/5","targetHints":{"allow":["GET"]}}],"collection":[{"href":"https:\/\/castilha.fr\/en\/wp-json\/wp\/v2\/pages"}],"about":[{"href":"https:\/\/castilha.fr\/en\/wp-json\/wp\/v2\/types\/page"}],"author":[{"embeddable":true,"href":"https:\/\/castilha.fr\/en\/wp-json\/wp\/v2\/users\/138017905"}],"replies":[{"embeddable":true,"href":"https:\/\/castilha.fr\/en\/wp-json\/wp\/v2\/comments?post=5"}],"version-history":[{"count":36,"href":"https:\/\/castilha.fr\/en\/wp-json\/wp\/v2\/pages\/5\/revisions"}],"predecessor-version":[{"id":2524,"href":"https:\/\/castilha.fr\/en\/wp-json\/wp\/v2\/pages\/5\/revisions\/2524"}],"wp:featuredmedia":[{"embeddable":true,"href":"https:\/\/castilha.fr\/en\/wp-json\/wp\/v2\/media\/78"}],"wp:attachment":[{"href":"https:\/\/castilha.fr\/en\/wp-json\/wp\/v2\/media?parent=5"}],"curies":[{"name":"wp","href":"https:\/\/api.w.org\/{rel}","templated":true}]}}